{"id":225,"date":"2025-12-07T09:26:12","date_gmt":"2025-12-07T09:26:12","guid":{"rendered":"https:\/\/mixndance.com\/?page_id=225"},"modified":"2026-03-04T14:28:27","modified_gmt":"2026-03-04T14:28:27","slug":"politique-de-confidentialite","status":"publish","type":"page","link":"https:\/\/mixndance.com\/en\/politique-de-confidentialite\/","title":{"rendered":"Privacy policy"},"content":{"rendered":"<div data-elementor-type=\"wp-page\" data-elementor-id=\"225\" class=\"elementor elementor-225\" data-elementor-post-type=\"page\">\n\t\t\t\t<div class=\"elementor-element elementor-element-de7ab2d e-flex e-con-boxed e-con e-parent\" data-id=\"de7ab2d\" data-element_type=\"container\" data-e-type=\"container\">\n\t\t\t\t\t<div class=\"e-con-inner\">\n\t\t\t\t<div class=\"elementor-element elementor-element-49c8320 elementor-widget elementor-widget-heading\" data-id=\"49c8320\" data-element_type=\"widget\" data-e-type=\"widget\" data-widget_type=\"heading.default\">\n\t\t\t\t\t<h2 class=\"elementor-heading-title elementor-size-default\">Privacy policy\n<\/h2>\t\t\t\t<\/div>\n\t\t\t\t<div class=\"elementor-element elementor-element-87d292b elementor-widget elementor-widget-text-editor\" data-id=\"87d292b\" data-element_type=\"widget\" data-e-type=\"widget\" data-widget_type=\"text-editor.default\">\n\t\t\t\t\t\t\t\t\t<p class=\"\" data-start=\"246\" data-end=\"275\">Last update: 2026<\/p><p class=\"\" data-start=\"277\" data-end=\"480\">As part of its activity, Mix'n Dance pays particular attention to the protection of personal data and the privacy of its clients, partners and site visitors.<\/p>\t\t\t\t\t\t\t\t<\/div>\n\t\t\t\t<div class=\"elementor-element elementor-element-f41bb98 elementor-widget elementor-widget-heading\" data-id=\"f41bb98\" data-element_type=\"widget\" data-e-type=\"widget\" data-widget_type=\"heading.default\">\n\t\t\t\t\t<h2 class=\"elementor-heading-title elementor-size-default\">1. Data controller<\/h2>\t\t\t\t<\/div>\n\t\t\t\t<div class=\"elementor-element elementor-element-662355d elementor-widget elementor-widget-text-editor\" data-id=\"662355d\" data-element_type=\"widget\" data-e-type=\"widget\" data-widget_type=\"text-editor.default\">\n\t\t\t\t\t\t\t\t\t<p><strong data-start=\"524\" data-end=\"531\">Name<\/strong> : Jean Charles Savary<br data-start=\"561\" data-end=\"564\"><strong data-start=\"564\" data-end=\"575\">Address<\/strong> : 6 route des quatre chemins \u2013 14490 Le Tronquay<br data-start=\"603\" data-end=\"606\"><strong data-start=\"606\" data-end=\"616\">E-mail<\/strong> : contact@mixndance.com<br data-start=\"646\" data-end=\"649\"><strong data-start=\"649\" data-end=\"658\">SIRET<\/strong> : 539 500 850 00026<\/p>\t\t\t\t\t\t\t\t<\/div>\n\t\t\t\t<div class=\"elementor-element elementor-element-ba5ea88 elementor-widget elementor-widget-heading\" data-id=\"ba5ea88\" data-element_type=\"widget\" data-e-type=\"widget\" data-widget_type=\"heading.default\">\n\t\t\t\t\t<h2 class=\"elementor-heading-title elementor-size-default\">2. Data collected<\/h2>\t\t\t\t<\/div>\n\t\t\t\t<div class=\"elementor-element elementor-element-da4ceb1 elementor-widget elementor-widget-text-editor\" data-id=\"da4ceb1\" data-element_type=\"widget\" data-e-type=\"widget\" data-widget_type=\"text-editor.default\">\n\t\t\t\t\t\t\t\t\t<p class=\"\" data-start=\"715\" data-end=\"844\">The following data may be collected during your navigation on the site or as part of professional exchanges:<\/p><ul data-start=\"845\" data-end=\"1051\"><li class=\"\" data-start=\"845\" data-end=\"860\"><p class=\"\" data-start=\"847\" data-end=\"860\">Name, last name<\/p><\/li><li class=\"\" data-start=\"861\" data-end=\"879\"><p class=\"\" data-start=\"863\" data-end=\"879\">Email<\/p><\/li><li class=\"\" data-start=\"880\" data-end=\"903\"><p class=\"\" data-start=\"882\" data-end=\"903\">Phone<\/p><\/li><li class=\"\" data-start=\"904\" data-end=\"975\"><p class=\"\" data-start=\"906\" data-end=\"975\">Data related to your company or professional situation<\/p><\/li><li class=\"\" data-start=\"976\" data-end=\"1051\"><p class=\"\" data-start=\"978\" data-end=\"1051\">Any other information transmitted voluntarily by form or email<\/p><\/li><\/ul><p class=\"\" data-start=\"1053\" data-end=\"1126\">No sensitive data is collected without your explicit consent.<\/p>\t\t\t\t\t\t\t\t<\/div>\n\t\t\t\t<div class=\"elementor-element elementor-element-f6d5db7 elementor-widget elementor-widget-heading\" data-id=\"f6d5db7\" data-element_type=\"widget\" data-e-type=\"widget\" data-widget_type=\"heading.default\">\n\t\t\t\t\t<h2 class=\"elementor-heading-title elementor-size-default\">3. Purpose of the processing<\/h2>\t\t\t\t<\/div>\n\t\t\t\t<div class=\"elementor-element elementor-element-5ac8bf9 elementor-widget elementor-widget-text-editor\" data-id=\"5ac8bf9\" data-element_type=\"widget\" data-e-type=\"widget\" data-widget_type=\"text-editor.default\">\n\t\t\t\t\t\t\t\t\t<p class=\"\" data-start=\"1167\" data-end=\"1227\">The data collected is used exclusively for:<\/p><ul data-start=\"1228\" data-end=\"1496\"><li class=\"\" data-start=\"1228\" data-end=\"1283\"><p class=\"\" data-start=\"1230\" data-end=\"1283\">Respond to your contact or information requests<\/p><\/li><li class=\"\" data-start=\"1284\" data-end=\"1341\"><p class=\"\" data-start=\"1286\" data-end=\"1341\">Manage the customer relationship and the services offered<\/p><\/li><li class=\"\" data-start=\"1342\" data-end=\"1442\"><p class=\"\" data-start=\"1344\" data-end=\"1442\">Send commercial or informative proposals related to the activity (if consent given)<\/p><\/li><li class=\"\" data-start=\"1443\" data-end=\"1496\"><p class=\"\" data-start=\"1445\" data-end=\"1496\">Comply with legal and regulatory obligations<\/p><\/li><\/ul>\t\t\t\t\t\t\t\t<\/div>\n\t\t\t\t<div class=\"elementor-element elementor-element-fd6a44d elementor-widget elementor-widget-heading\" data-id=\"fd6a44d\" data-element_type=\"widget\" data-e-type=\"widget\" data-widget_type=\"heading.default\">\n\t\t\t\t\t<h2 class=\"elementor-heading-title elementor-size-default\">4. Data recipients<\/h2>\t\t\t\t<\/div>\n\t\t\t\t<div class=\"elementor-element elementor-element-9cd3bad elementor-widget elementor-widget-text-editor\" data-id=\"9cd3bad\" data-element_type=\"widget\" data-e-type=\"widget\" data-widget_type=\"text-editor.default\">\n\t\t\t\t\t\t\t\t\t<p>The data is processed only by Mix'n Dance.<br data-start=\"1609\" data-end=\"1612\" \/>They are never sold, rented or transmitted to third parties without your consent, unless legally required.<\/p>\t\t\t\t\t\t\t\t<\/div>\n\t\t\t\t<div class=\"elementor-element elementor-element-110a931 elementor-widget elementor-widget-heading\" data-id=\"110a931\" data-element_type=\"widget\" data-e-type=\"widget\" data-widget_type=\"heading.default\">\n\t\t\t\t\t<h2 class=\"elementor-heading-title elementor-size-default\">5. Shelf life<\/h2>\t\t\t\t<\/div>\n\t\t\t\t<div class=\"elementor-element elementor-element-1c1a5e5 elementor-widget elementor-widget-text-editor\" data-id=\"1c1a5e5\" data-element_type=\"widget\" data-e-type=\"widget\" data-widget_type=\"text-editor.default\">\n\t\t\t\t\t\t\t\t\t<p>Personal data is kept for the duration necessary to manage the relationship or in accordance with the legal obligations in force (for example, 3 years for commercial prospecting purposes).<\/p>\t\t\t\t\t\t\t\t<\/div>\n\t\t\t\t<div class=\"elementor-element elementor-element-4a7b852 elementor-widget elementor-widget-heading\" data-id=\"4a7b852\" data-element_type=\"widget\" data-e-type=\"widget\" data-widget_type=\"heading.default\">\n\t\t\t\t\t<h2 class=\"elementor-heading-title elementor-size-default\">6. Your rights<\/h2>\t\t\t\t<\/div>\n\t\t\t\t<div class=\"elementor-element elementor-element-d044573 elementor-widget elementor-widget-text-editor\" data-id=\"d044573\" data-element_type=\"widget\" data-e-type=\"widget\" data-widget_type=\"text-editor.default\">\n\t\t\t\t\t\t\t\t\t<p class=\"\" data-start=\"2003\" data-end=\"2066\">In accordance with the GDPR, you have the following rights:<\/p><ul data-start=\"2067\" data-end=\"2238\"><li class=\"\" data-start=\"2067\" data-end=\"2098\"><p class=\"\" data-start=\"2069\" data-end=\"2098\">Right of access to your data<\/p><\/li><li class=\"\" data-start=\"2099\" data-end=\"2125\"><p class=\"\" data-start=\"2101\" data-end=\"2125\">Right to correction<\/p><\/li><li class=\"\" data-start=\"2126\" data-end=\"2150\"><p class=\"\" data-start=\"2128\" data-end=\"2150\">Right to delete<\/p><\/li><li class=\"\" data-start=\"2151\" data-end=\"2190\"><p class=\"\" data-start=\"2153\" data-end=\"2190\">Right to restriction of processing<\/p><\/li><li class=\"\" data-start=\"2191\" data-end=\"2213\"><p class=\"\" data-start=\"2193\" data-end=\"2213\">Right of objection<\/p><\/li><li class=\"\" data-start=\"2214\" data-end=\"2238\"><p class=\"\" data-start=\"2216\" data-end=\"2238\">Right to data portability<\/p><\/li><\/ul><p class=\"\" data-start=\"2240\" data-end=\"2388\">To exercise any of these rights, address your request to:<br data-start=\"2299\" data-end=\"2302\" \/>contact@mixndance.com<br data-start=\"2332\" data-end=\"2335\" \/>A response will be provided to you within 30 days maximum<\/p>\t\t\t\t\t\t\t\t<\/div>\n\t\t\t\t<div class=\"elementor-element elementor-element-379fd8a elementor-widget elementor-widget-heading\" data-id=\"379fd8a\" data-element_type=\"widget\" data-e-type=\"widget\" data-widget_type=\"heading.default\">\n\t\t\t\t\t<h2 class=\"elementor-heading-title elementor-size-default\">7. Cookies<\/h2>\t\t\t\t<\/div>\n\t\t\t\t<div class=\"elementor-element elementor-element-d828b30 elementor-widget elementor-widget-text-editor\" data-id=\"d828b30\" data-element_type=\"widget\" data-e-type=\"widget\" data-widget_type=\"text-editor.default\">\n\t\t\t\t\t\t\t\t\t<p>This site uses cookies only for browsing purposes and anonymous statistical analysis.<br data-start=\"2571\" data-end=\"2574\" \/>No personal information is collected without your consent.<\/p>\t\t\t\t\t\t\t\t<\/div>\n\t\t\t\t<div class=\"elementor-element elementor-element-8eb014c elementor-widget elementor-widget-heading\" data-id=\"8eb014c\" data-element_type=\"widget\" data-e-type=\"widget\" data-widget_type=\"heading.default\">\n\t\t\t\t\t<h2 class=\"elementor-heading-title elementor-size-default\">8. Security<\/h2>\t\t\t\t<\/div>\n\t\t\t\t<div class=\"elementor-element elementor-element-3083d8c elementor-widget elementor-widget-text-editor\" data-id=\"3083d8c\" data-element_type=\"widget\" data-e-type=\"widget\" data-widget_type=\"text-editor.default\">\n\t\t\t\t\t\t\t\t\t<p>Mix'n Dance implements all necessary technical and organisational measures to protect your personal data against unauthorised access, loss, disclosure or alteration.<\/p>\t\t\t\t\t\t\t\t<\/div>\n\t\t\t\t\t<\/div>\n\t\t\t\t<\/div>\n\t\t\t\t<\/div>","protected":false},"excerpt":{"rendered":"<p>Politique de confidentialit\u00e9 Derni\u00e8re mise \u00e0 jour : 2026 Dans le cadre de son activit\u00e9, Mix&rsquo;n Dance accorde une attention particuli\u00e8re \u00e0 la protection des donn\u00e9es personnelles et \u00e0 la vie priv\u00e9e de ses clients, partenaires et visiteurs du site. 1. Responsable du traitement Nom : Jean Charles SavaryAdresse : 6 route des quatre chemins [&hellip;]<\/p>\n","protected":false},"author":1,"featured_media":0,"parent":0,"menu_order":0,"comment_status":"closed","ping_status":"closed","template":"","meta":{"footnotes":""},"class_list":["post-225","page","type-page","status-publish","hentry"],"_links":{"self":[{"href":"https:\/\/mixndance.com\/en\/wp-json\/wp\/v2\/pages\/225","targetHints":{"allow":["GET"]}}],"collection":[{"href":"https:\/\/mixndance.com\/en\/wp-json\/wp\/v2\/pages"}],"about":[{"href":"https:\/\/mixndance.com\/en\/wp-json\/wp\/v2\/types\/page"}],"author":[{"embeddable":true,"href":"https:\/\/mixndance.com\/en\/wp-json\/wp\/v2\/users\/1"}],"replies":[{"embeddable":true,"href":"https:\/\/mixndance.com\/en\/wp-json\/wp\/v2\/comments?post=225"}],"version-history":[{"count":19,"href":"https:\/\/mixndance.com\/en\/wp-json\/wp\/v2\/pages\/225\/revisions"}],"predecessor-version":[{"id":2001,"href":"https:\/\/mixndance.com\/en\/wp-json\/wp\/v2\/pages\/225\/revisions\/2001"}],"wp:attachment":[{"href":"https:\/\/mixndance.com\/en\/wp-json\/wp\/v2\/media?parent=225"}],"curies":[{"name":"wp","href":"https:\/\/api.w.org\/{rel}","templated":true}]}}