{"id":27,"date":"2025-12-06T14:39:58","date_gmt":"2025-12-06T14:39:58","guid":{"rendered":"https:\/\/mixndance.com\/?page_id=27"},"modified":"2026-03-04T14:19:58","modified_gmt":"2026-03-04T14:19:58","slug":"martine","status":"publish","type":"page","link":"https:\/\/mixndance.com\/en\/martine\/","title":{"rendered":"Martine"},"content":{"rendered":"\t\t<div data-elementor-type=\"wp-page\" data-elementor-id=\"27\" class=\"elementor elementor-27\" data-elementor-post-type=\"page\">\n\t\t\t\t<div class=\"elementor-element elementor-element-0b7d348 e-con-full e-flex e-con e-parent\" data-id=\"0b7d348\" data-element_type=\"container\" data-e-type=\"container\" data-settings=\"{&quot;background_background&quot;:&quot;slideshow&quot;,&quot;background_slideshow_gallery&quot;:[{&quot;id&quot;:412,&quot;url&quot;:&quot;https:\\\/\\\/mixndance.com\\\/wp-content\\\/uploads\\\/2025\\\/12\\\/Document-A4-page-Sommaire-moderne-minimaliste-bleu-blanc-scaled.png&quot;}],&quot;background_slideshow_loop&quot;:&quot;yes&quot;,&quot;background_slideshow_slide_duration&quot;:5000,&quot;background_slideshow_slide_transition&quot;:&quot;fade&quot;,&quot;background_slideshow_transition_duration&quot;:500}\">\n\t\t\t\t<\/div>\n\t\t<div class=\"elementor-element elementor-element-3b6b4b3 e-flex e-con-boxed e-con e-parent\" data-id=\"3b6b4b3\" data-element_type=\"container\" data-e-type=\"container\" data-settings=\"{&quot;background_background&quot;:&quot;classic&quot;}\">\n\t\t\t\t\t<div class=\"e-con-inner\">\n\t\t\t\t<div class=\"elementor-element elementor-element-8efb65a elementor-widget elementor-widget-heading\" data-id=\"8efb65a\" data-element_type=\"widget\" data-e-type=\"widget\" data-widget_type=\"heading.default\">\n\t\t\t\t\t<h2 class=\"elementor-heading-title elementor-size-default\">Un joli projet \u00e0 venir pour la saison 2027...<\/h2>\t\t\t\t<\/div>\n\t\t\t\t\t<\/div>\n\t\t\t\t<\/div>\n\t\t<div class=\"elementor-element elementor-element-3d44ef0 e-flex e-con-boxed e-con e-parent\" data-id=\"3d44ef0\" data-element_type=\"container\" data-e-type=\"container\">\n\t\t\t\t\t<div class=\"e-con-inner\">\n\t\t\t\t<div class=\"elementor-element elementor-element-d6afe97 elementor-widget elementor-widget-heading\" data-id=\"d6afe97\" data-element_type=\"widget\" data-e-type=\"widget\" data-widget_type=\"heading.default\">\n\t\t\t\t\t<h2 class=\"elementor-heading-title elementor-size-default\">Martine, notre estafette vinyle<\/h2>\t\t\t\t<\/div>\n\t\t\t\t\t<\/div>\n\t\t\t\t<\/div>\n\t\t<div class=\"elementor-element elementor-element-2c61f8b e-flex e-con-boxed e-con e-parent\" data-id=\"2c61f8b\" data-element_type=\"container\" data-e-type=\"container\">\n\t\t\t\t\t<div class=\"e-con-inner\">\n\t\t\t\t<div class=\"elementor-element elementor-element-89af88b elementor-widget elementor-widget-text-editor\" data-id=\"89af88b\" data-element_type=\"widget\" data-e-type=\"widget\" data-widget_type=\"text-editor.default\">\n\t\t\t\t\t\t\t\t\t<p class=\"cvGsUA direction-ltr align-justify para-style-body\"><span class=\"a_GcMg font-feature-liga-off font-feature-clig-off font-feature-calt-off text-decoration-none text-strikethrough-none\">Tut tut ! La voil\u00e0 qui d\u00e9barque avec son look r\u00e9tro irr\u00e9sistible et son coffre rempli de tr\u00e9sors musicaux &#8211; vinyles chin\u00e9s au cours de jolies balades, disques p\u00e9pites d\u00e9nich\u00e9s apr\u00e8s d\u2019ardentes recherches.<\/span><\/p><p class=\"cvGsUA direction-ltr align-justify para-style-body\"><span class=\"a_GcMg font-feature-liga-off font-feature-clig-off font-feature-calt-off text-decoration-none text-strikethrough-none\">Martine, notre authentique estafette vinyle fera danser vos cocktails, vos soir\u00e9es d\u2019entreprise, vos \u00e9v\u00e9nements formels ou familiaux.<\/span><\/p><p class=\"cvGsUA direction-ltr align-justify para-style-body\"><span class=\"a_GcMg font-feature-liga-off font-feature-clig-off font-feature-calt-off text-decoration-none text-strikethrough-none\">Partout o\u00f9 elle passe, elle distille avec charme ce \u00ab\u00a0je ne sais quoi\u00a0\u00bb qui attire les regards. Approchez-vous\u2026 c\u2019est fini : elle vous tient ! Et je vous d\u00e9fie de ne pas vous mettre \u00e0 danser..<\/span><\/p><p class=\"cvGsUA direction-ltr align-justify para-style-body\"><span class=\"a_GcMg font-feature-liga-off font-feature-clig-off font-feature-calt-off text-decoration-none text-strikethrough-none\">Laissez-vous s\u00e9duire par sa jolie bouille, elle se fera une joie de distiller sa bonne humeur parmi vos convives.<\/span><\/p>\t\t\t\t\t\t\t\t<\/div>\n\t\t\t\t\t<\/div>\n\t\t\t\t<\/div>\n\t\t<div class=\"elementor-element elementor-element-1a33c43 e-flex e-con-boxed e-con e-parent\" data-id=\"1a33c43\" data-element_type=\"container\" data-e-type=\"container\">\n\t\t\t\t\t<div class=\"e-con-inner\">\n\t\t\t\t<div class=\"elementor-element elementor-element-bb689ac elementor-widget elementor-widget-button\" data-id=\"bb689ac\" data-element_type=\"widget\" data-e-type=\"widget\" data-widget_type=\"button.default\">\n\t\t\t\t\t\t\t\t\t\t<a class=\"elementor-button elementor-button-link elementor-size-sm\" href=\"https:\/\/mixndance.com\/contact\/\">\n\t\t\t\t\t\t<span class=\"elementor-button-content-wrapper\">\n\t\t\t\t\t\t\t\t\t<span class=\"elementor-button-text\">Pour un flirt avec Martine<\/span>\n\t\t\t\t\t<\/span>\n\t\t\t\t\t<\/a>\n\t\t\t\t\t\t\t\t<\/div>\n\t\t\t\t\t<\/div>\n\t\t\t\t<\/div>\n\t\t\t\t<\/div>\n\t\t","protected":false},"excerpt":{"rendered":"<p>Estafette vinyle pour \u00e9v\u00e9nement priv\u00e9 ou professionnel<\/p>","protected":false},"author":1,"featured_media":0,"parent":0,"menu_order":5,"comment_status":"open","ping_status":"closed","template":"elementor_header_footer","meta":{"footnotes":""},"class_list":["post-27","page","type-page","status-publish","hentry"],"_links":{"self":[{"href":"https:\/\/mixndance.com\/en\/wp-json\/wp\/v2\/pages\/27","targetHints":{"allow":["GET"]}}],"collection":[{"href":"https:\/\/mixndance.com\/en\/wp-json\/wp\/v2\/pages"}],"about":[{"href":"https:\/\/mixndance.com\/en\/wp-json\/wp\/v2\/types\/page"}],"author":[{"embeddable":true,"href":"https:\/\/mixndance.com\/en\/wp-json\/wp\/v2\/users\/1"}],"replies":[{"embeddable":true,"href":"https:\/\/mixndance.com\/en\/wp-json\/wp\/v2\/comments?post=27"}],"version-history":[{"count":53,"href":"https:\/\/mixndance.com\/en\/wp-json\/wp\/v2\/pages\/27\/revisions"}],"predecessor-version":[{"id":1989,"href":"https:\/\/mixndance.com\/en\/wp-json\/wp\/v2\/pages\/27\/revisions\/1989"}],"wp:attachment":[{"href":"https:\/\/mixndance.com\/en\/wp-json\/wp\/v2\/media?parent=27"}],"curies":[{"name":"wp","href":"https:\/\/api.w.org\/{rel}","templated":true}]}}