{"id":3,"date":"2025-11-19T15:08:33","date_gmt":"2025-11-19T15:08:33","guid":{"rendered":"https:\/\/mixndance.com\/?page_id=3"},"modified":"2026-03-04T14:25:30","modified_gmt":"2026-03-04T14:25:30","slug":"privacy-policy","status":"publish","type":"page","link":"https:\/\/mixndance.com\/en\/privacy-policy\/","title":{"rendered":"Legal notices"},"content":{"rendered":"<div data-elementor-type=\"wp-page\" data-elementor-id=\"3\" class=\"elementor elementor-3\" data-elementor-post-type=\"page\">\n\t\t\t\t<div class=\"elementor-element elementor-element-7337e17d e-flex e-con-boxed e-con e-parent\" data-id=\"7337e17d\" data-element_type=\"container\" data-e-type=\"container\">\n\t\t\t\t\t<div class=\"e-con-inner\">\n\t\t\t\t<div class=\"elementor-element elementor-element-2f3d5326 elementor-widget elementor-widget-text-editor\" data-id=\"2f3d5326\" data-element_type=\"widget\" data-e-type=\"widget\" data-widget_type=\"text-editor.default\">\n\t\t\t\t\t\t\t\t\t\n<p><\/p>\n\n\n\n<p><\/p>\n\t\t\t\t\t\t\t\t<\/div>\n\t\t\t\t\t<\/div>\n\t\t\t\t<\/div>\n\t\t<div class=\"elementor-element elementor-element-bab8776 e-flex e-con-boxed e-con e-parent\" data-id=\"bab8776\" data-element_type=\"container\" data-e-type=\"container\">\n\t\t\t\t\t<div class=\"e-con-inner\">\n\t\t\t\t<div class=\"elementor-element elementor-element-2ffa056 elementor-widget elementor-widget-heading\" data-id=\"2ffa056\" data-element_type=\"widget\" data-e-type=\"widget\" data-widget_type=\"heading.default\">\n\t\t\t\t\t<h2 class=\"elementor-heading-title elementor-size-default\">Legal notices<\/h2>\t\t\t\t<\/div>\n\t\t\t\t<div class=\"elementor-element elementor-element-24e0e8c elementor-widget elementor-widget-text-editor\" data-id=\"24e0e8c\" data-element_type=\"widget\" data-e-type=\"widget\" data-widget_type=\"text-editor.default\">\n\t\t\t\t\t\t\t\t\t<p>In accordance with the provisions of articles 6-III and 19 of Law n\u00b02004-575 of 21 June 2004 for Trust in the Digital Economy (LCEN), we bring to the attention of users and visitors to the site the following information:<\/p>\t\t\t\t\t\t\t\t<\/div>\n\t\t\t\t<div class=\"elementor-element elementor-element-fe1d24d elementor-widget elementor-widget-heading\" data-id=\"fe1d24d\" data-element_type=\"widget\" data-e-type=\"widget\" data-widget_type=\"heading.default\">\n\t\t\t\t\t<h2 class=\"elementor-heading-title elementor-size-default\">Site editor<\/h2>\t\t\t\t<\/div>\n\t\t\t\t<div class=\"elementor-element elementor-element-e7c1479 elementor-widget elementor-widget-text-editor\" data-id=\"e7c1479\" data-element_type=\"widget\" data-e-type=\"widget\" data-widget_type=\"text-editor.default\">\n\t\t\t\t\t\t\t\t\t<p><strong data-start=\"659\" data-end=\"701\">Name of the company \/ professional<\/strong> : Mix\u2019n Dance<br data-start=\"731\" data-end=\"734\" \/><strong data-start=\"734\" data-end=\"746\">Business<\/strong> : Event DJ<br data-start=\"854\" data-end=\"857\" \/><strong data-start=\"857\" data-end=\"876\">Legal form<\/strong> : Auto-entrepreneur<br data-start=\"916\" data-end=\"919\" \/><strong data-start=\"919\" data-end=\"928\">SIRET<\/strong> : 539 500 850 00026<br data-start=\"948\" data-end=\"951\" \/><strong data-start=\"951\" data-end=\"981\">Release manager<\/strong> : Jean-Charles Savary<br data-start=\"997\" data-end=\"1000\" \/><strong data-start=\"1000\" data-end=\"1011\">Address<\/strong> : 6 route des quatre chemins \u2013 14490 Le Tronquay<br data-start=\"1055\" data-end=\"1058\" \/><strong data-start=\"1058\" data-end=\"1076\">Email<\/strong> : contact@mixndance.com<br data-start=\"1106\" data-end=\"1109\" \/><strong data-start=\"1109\" data-end=\"1122\">Phone<\/strong> : 06 31 61 16 11<\/p>\t\t\t\t\t\t\t\t<\/div>\n\t\t\t\t<div class=\"elementor-element elementor-element-8618109 elementor-widget elementor-widget-heading\" data-id=\"8618109\" data-element_type=\"widget\" data-e-type=\"widget\" data-widget_type=\"heading.default\">\n\t\t\t\t\t<h2 class=\"elementor-heading-title elementor-size-default\">Site hosting<\/h2>\t\t\t\t<\/div>\n\t\t\t\t<div class=\"elementor-element elementor-element-31fb9e9 elementor-widget elementor-widget-text-editor\" data-id=\"31fb9e9\" data-element_type=\"widget\" data-e-type=\"widget\" data-widget_type=\"text-editor.default\">\n\t\t\t\t\t\t\t\t\t<p>The site is hosted by: Ionos<br data-start=\"1255\" data-end=\"1258\" \/>Address : 7 PLACE DE LA GARE, 57200 SARREGUEMINES<br data-start=\"1301\" data-end=\"1304\" \/>Site :\u00a0<a href=\"https:\/\/www.ionos.fr\/\">Ionos<\/a><br data-start=\"1331\" data-end=\"1334\" \/>Phone :\u00a0<a class=\"whitespace-nowrap tw-outline-none !tw-text-white !tw-no-underline hover:!tw-underline hover:!tw-decoration-white hover:!tw-decoration-2 tw-underline tw-font-sans-regular tw-underline-offset-4 tw-text-ionos-blue-700 tw-font-normal tw-text-base tw-decoration-ionos-blue-700 tw-decoration-1 hover:tw-decoration-2 active:tw-border-none active:tw-decoration-1 disabled:tw-text-cool-grey-400 disabled:tw-decoration-cool-grey-400 focus-visible:tw-border-2 focus-visible:tw-rounded-lg focus-visible:tw-underline-offset-2 focus-visible:tw-border-ionos-blue-700 focus-visible:tw-shadow-ionos-blue-400\" title=\"Hotline : 0970 808 911\" href=\"https:\/\/www.ionos.fr\/contact\" data-testid=\"navigation-link-name-Hotline : 0970 808 911\" data-linkid=\"ct.btn.footer-row40873.ionos-cloud-footer-row-links.6.hotline-:-0970-808-911\" data-onpagelink=\"0\">0970 808 911<\/a><\/p>\t\t\t\t\t\t\t\t<\/div>\n\t\t\t\t<div class=\"elementor-element elementor-element-a987029 elementor-widget elementor-widget-heading\" data-id=\"a987029\" data-element_type=\"widget\" data-e-type=\"widget\" data-widget_type=\"heading.default\">\n\t\t\t\t\t<h2 class=\"elementor-heading-title elementor-size-default\">Intellectual property<\/h2>\t\t\t\t<\/div>\n\t\t\t\t<div class=\"elementor-element elementor-element-01303fa elementor-widget elementor-widget-text-editor\" data-id=\"01303fa\" data-element_type=\"widget\" data-e-type=\"widget\" data-widget_type=\"text-editor.default\">\n\t\t\t\t\t\t\t\t\t<p>The entire content of the site (texts, images, logo, structure, design...) is protected by intellectual property law.<br data-start=\"1551\" data-end=\"1554\" \/>Any reproduction, representation, modification, publication or adaptation, total or partial, of the elements of the site, regardless of the means or process used, is prohibited without prior written authorization.<\/p>\t\t\t\t\t\t\t\t<\/div>\n\t\t\t\t<div class=\"elementor-element elementor-element-d3d6151 elementor-widget elementor-widget-heading\" data-id=\"d3d6151\" data-element_type=\"widget\" data-e-type=\"widget\" data-widget_type=\"heading.default\">\n\t\t\t\t\t<h2 class=\"elementor-heading-title elementor-size-default\">Personal data<\/h2>\t\t\t\t<\/div>\n\t\t\t\t<div class=\"elementor-element elementor-element-c3fb331 elementor-widget elementor-widget-text-editor\" data-id=\"c3fb331\" data-element_type=\"widget\" data-e-type=\"widget\" data-widget_type=\"text-editor.default\">\n\t\t\t\t\t\t\t\t\t<p>The data collected via the site (contact forms, registrations, etc.) are intended solely for professional use in the context of the relationship between the user and the provider.<br data-start=\"2004\" data-end=\"2007\" \/>In accordance with the law \u00abInformatique et Libert\u00e9s\u00bb and the General Data Protection Regulation (GDPR), you have a right to access, rectify and delete your personal data.<br data-start=\"2215\" data-end=\"2218\" \/>To exercise this right, please send your request to the email address: contact@mixndance.com<\/p>\t\t\t\t\t\t\t\t<\/div>\n\t\t\t\t<div class=\"elementor-element elementor-element-8cf0ee3 elementor-widget elementor-widget-heading\" data-id=\"8cf0ee3\" data-element_type=\"widget\" data-e-type=\"widget\" data-widget_type=\"heading.default\">\n\t\t\t\t\t<h2 class=\"elementor-heading-title elementor-size-default\">Responsibility<\/h2>\t\t\t\t<\/div>\n\t\t\t\t<div class=\"elementor-element elementor-element-eceb608 elementor-widget elementor-widget-text-editor\" data-id=\"eceb608\" data-element_type=\"widget\" data-e-type=\"widget\" data-widget_type=\"text-editor.default\">\n\t\t\t\t\t\t\t\t\t<p>The editor of the site strives to ensure the accuracy and updating of information published on the site. However, he cannot be held responsible for omissions, inaccuracies or deficiencies in the update.<br data-start=\"2573\" data-end=\"2576\" \/>The user is solely responsible for the use of information accessible via this site.<\/p>\t\t\t\t\t\t\t\t<\/div>\n\t\t\t\t\t<\/div>\n\t\t\t\t<\/div>\n\t\t\t\t<\/div>","protected":false},"excerpt":{"rendered":"<p>Mentions l\u00e9gales Conform\u00e9ment aux dispositions des articles 6-III et 19 de la Loi n\u00b02004-575 du 21 juin 2004 pour la Confiance dans l\u2019\u00c9conomie Num\u00e9rique (LCEN), nous portons \u00e0 la connaissance des utilisateurs et visiteurs du site les informations suivantes : \u00c9diteur du site Nom de l\u2019entreprise \/ du professionnel : Mix&rsquo;n DanceActivit\u00e9 : DJ \u00e9v\u00e9nementielForme [&hellip;]<\/p>\n","protected":false},"author":1,"featured_media":0,"parent":0,"menu_order":0,"comment_status":"closed","ping_status":"open","template":"","meta":{"footnotes":""},"class_list":["post-3","page","type-page","status-publish","hentry"],"_links":{"self":[{"href":"https:\/\/mixndance.com\/en\/wp-json\/wp\/v2\/pages\/3","targetHints":{"allow":["GET"]}}],"collection":[{"href":"https:\/\/mixndance.com\/en\/wp-json\/wp\/v2\/pages"}],"about":[{"href":"https:\/\/mixndance.com\/en\/wp-json\/wp\/v2\/types\/page"}],"author":[{"embeddable":true,"href":"https:\/\/mixndance.com\/en\/wp-json\/wp\/v2\/users\/1"}],"replies":[{"embeddable":true,"href":"https:\/\/mixndance.com\/en\/wp-json\/wp\/v2\/comments?post=3"}],"version-history":[{"count":45,"href":"https:\/\/mixndance.com\/en\/wp-json\/wp\/v2\/pages\/3\/revisions"}],"predecessor-version":[{"id":1997,"href":"https:\/\/mixndance.com\/en\/wp-json\/wp\/v2\/pages\/3\/revisions\/1997"}],"wp:attachment":[{"href":"https:\/\/mixndance.com\/en\/wp-json\/wp\/v2\/media?parent=3"}],"curies":[{"name":"wp","href":"https:\/\/api.w.org\/{rel}","templated":true}]}}