{"id":31,"date":"2025-12-06T14:44:10","date_gmt":"2025-12-06T14:44:10","guid":{"rendered":"https:\/\/mixndance.com\/?page_id=31"},"modified":"2026-02-19T15:50:50","modified_gmt":"2026-02-19T15:50:50","slug":"a-propos","status":"publish","type":"page","link":"https:\/\/mixndance.com\/en\/a-propos\/","title":{"rendered":"About"},"content":{"rendered":"\t\t<div data-elementor-type=\"wp-page\" data-elementor-id=\"31\" class=\"elementor elementor-31\" data-elementor-post-type=\"page\">\n\t\t\t\t<div class=\"elementor-element elementor-element-92c6145 e-con-full e-flex e-con e-parent\" data-id=\"92c6145\" data-element_type=\"container\" data-e-type=\"container\" data-settings=\"{&quot;background_background&quot;:&quot;slideshow&quot;,&quot;background_slideshow_gallery&quot;:[{&quot;id&quot;:1675,&quot;url&quot;:&quot;https:\\\/\\\/mixndance.com\\\/wp-content\\\/uploads\\\/2026\\\/02\\\/Document-A4-page-Sommaire-moderne-minimaliste-bleu-blanc-17.png&quot;}],&quot;background_slideshow_loop&quot;:&quot;yes&quot;,&quot;background_slideshow_slide_duration&quot;:5000,&quot;background_slideshow_slide_transition&quot;:&quot;fade&quot;,&quot;background_slideshow_transition_duration&quot;:500}\">\n\t\t\t\t<\/div>\n\t\t<div class=\"elementor-element elementor-element-4167091 e-con-full e-flex e-con e-parent\" data-id=\"4167091\" data-element_type=\"container\" data-e-type=\"container\">\n\t\t\t\t<div class=\"elementor-element elementor-element-64efed3 elementor-widget elementor-widget-heading\" data-id=\"64efed3\" data-element_type=\"widget\" data-e-type=\"widget\" data-widget_type=\"heading.default\">\n\t\t\t\t\t<h2 class=\"elementor-heading-title elementor-size-default\">Qui se cache derri\u00e8re Mix\u2019n dance ?<\/h2>\t\t\t\t<\/div>\n\t\t\t\t<\/div>\n\t\t<div class=\"elementor-element elementor-element-f2f67e8 e-flex e-con-boxed e-con e-parent\" data-id=\"f2f67e8\" data-element_type=\"container\" data-e-type=\"container\">\n\t\t\t\t\t<div class=\"e-con-inner\">\n\t\t\t\t<div class=\"elementor-element elementor-element-74cbb6b elementor-widget elementor-widget-text-editor\" data-id=\"74cbb6b\" data-element_type=\"widget\" data-e-type=\"widget\" data-widget_type=\"text-editor.default\">\n\t\t\t\t\t\t\t\t\t<p class=\"cvGsUA direction-ltr align-justify para-style-body\"><span class=\"a_GcMg font-feature-liga-off font-feature-clig-off font-feature-calt-off text-decoration-none text-strikethrough-none\">Dipl\u00f4m\u00e9 du Conservatoire National de R\u00e9gion de Caen en clarinette, puis form\u00e9 \u00e0 la London School of Sound en Musiques Assist\u00e9es par Ordinateur, Jean-Charles a plus d\u2019une note \u00e0 son arc !<\/span><\/p><p class=\"cvGsUA direction-ltr align-justify para-style-body\"><span class=\"a_GcMg font-feature-liga-off font-feature-clig-off font-feature-calt-off text-decoration-none text-strikethrough-none\">Apr\u00e8s pr\u00e8s de quinze ann\u00e9es \u00e0 faire vibrer professionnels, collectivit\u00e9s et particuliers, Mix\u2019n Dance s\u2019impose aujourd\u2019hui comme une agence \u00e9v\u00e9nementielle \u00e0 part enti\u00e8re, au service d\u2019une client\u00e8le aussi vari\u00e9e que ses playlists \u2014 entre Normandie et \u00cele-de-France.<\/span><\/p><p class=\"cvGsUA direction-ltr align-justify para-style-body\"><span class=\"a_GcMg font-feature-liga-off font-feature-clig-off font-feature-calt-off text-decoration-none text-strikethrough-none\">Nous proposons des prestations DJ, la sonorisation et les \u00e9clairages de vos \u00e9v\u00e9nements, toujours avec le sens du rythme et du d\u00e9tail.<\/span><\/p><p class=\"cvGsUA direction-ltr align-justify para-style-body\"><span class=\"a_GcMg font-feature-liga-off font-feature-clig-off font-feature-calt-off text-decoration-none text-strikethrough-none\">Chez Mix\u2019n Dance, on m\u00e9lange culture musicale, savoir-faire technique et bonne humeur contagieuse pour que votre \u00e9v\u00e9nement devienne un moment m\u00e9morable.<\/span><\/p>\t\t\t\t\t\t\t\t<\/div>\n\t\t\t\t\t<\/div>\n\t\t\t\t<\/div>\n\t\t<div class=\"elementor-element elementor-element-f39cf69 e-con-full e-flex e-con e-parent\" data-id=\"f39cf69\" data-element_type=\"container\" data-e-type=\"container\">\n\t\t\t\t<div class=\"elementor-element elementor-element-f20b57b elementor-align-center elementor-widget elementor-widget-button\" data-id=\"f20b57b\" data-element_type=\"widget\" data-e-type=\"widget\" data-widget_type=\"button.default\">\n\t\t\t\t\t\t\t\t\t\t<a class=\"elementor-button elementor-button-link elementor-size-sm\" href=\"https:\/\/mixndance.com\/contact\/\">\n\t\t\t\t\t\t<span class=\"elementor-button-content-wrapper\">\n\t\t\t\t\t\t\t\t\t<span class=\"elementor-button-text\">Ne soyez pas timides<\/span>\n\t\t\t\t\t<\/span>\n\t\t\t\t\t<\/a>\n\t\t\t\t\t\t\t\t<\/div>\n\t\t\t\t<\/div>\n\t\t\t\t<\/div>\n\t\t","protected":false},"excerpt":{"rendered":"<p>Qui se cache derri\u00e8re Mix\u2019n dance ? Dipl\u00f4m\u00e9 du Conservatoire National de R\u00e9gion de Caen en clarinette, puis form\u00e9 \u00e0 la London School of Sound en Musiques Assist\u00e9es par Ordinateur, Jean-Charles a plus d\u2019une note \u00e0 son arc ! Apr\u00e8s pr\u00e8s de quinze ann\u00e9es \u00e0 faire vibrer professionnels, collectivit\u00e9s et particuliers, Mix\u2019n Dance s\u2019impose aujourd\u2019hui [&hellip;]<\/p>\n","protected":false},"author":1,"featured_media":0,"parent":0,"menu_order":2,"comment_status":"closed","ping_status":"closed","template":"elementor_header_footer","meta":{"footnotes":""},"class_list":["post-31","page","type-page","status-publish","hentry"],"_links":{"self":[{"href":"https:\/\/mixndance.com\/en\/wp-json\/wp\/v2\/pages\/31","targetHints":{"allow":["GET"]}}],"collection":[{"href":"https:\/\/mixndance.com\/en\/wp-json\/wp\/v2\/pages"}],"about":[{"href":"https:\/\/mixndance.com\/en\/wp-json\/wp\/v2\/types\/page"}],"author":[{"embeddable":true,"href":"https:\/\/mixndance.com\/en\/wp-json\/wp\/v2\/users\/1"}],"replies":[{"embeddable":true,"href":"https:\/\/mixndance.com\/en\/wp-json\/wp\/v2\/comments?post=31"}],"version-history":[{"count":133,"href":"https:\/\/mixndance.com\/en\/wp-json\/wp\/v2\/pages\/31\/revisions"}],"predecessor-version":[{"id":1939,"href":"https:\/\/mixndance.com\/en\/wp-json\/wp\/v2\/pages\/31\/revisions\/1939"}],"wp:attachment":[{"href":"https:\/\/mixndance.com\/en\/wp-json\/wp\/v2\/media?parent=31"}],"curies":[{"name":"wp","href":"https:\/\/api.w.org\/{rel}","templated":true}]}}